{"id":509,"date":"2020-09-30T16:55:25","date_gmt":"2020-09-30T14:55:25","guid":{"rendered":"https:\/\/www.maximegasteuil.fr\/?post_type=product&#038;p=509"},"modified":"2024-11-10T07:39:40","modified_gmt":"2024-11-10T06:39:40","slug":"le-guide-du-provincial-a-paris","status":"publish","type":"product","link":"https:\/\/www.maximegasteuil.fr\/?product=le-guide-du-provincial-a-paris","title":{"rendered":"Le Guide du Provincial \u00e0 Paris"},"content":{"rendered":"<p>[et_pb_section fb_built=\u00a0\u00bb1&Prime; _builder_version=\u00a0\u00bb4.16&Prime; custom_padding=\u00a0\u00bb0px||||false|false\u00a0\u00bb global_colors_info=\u00a0\u00bb{}\u00a0\u00bb][et_pb_row _builder_version=\u00a0\u00bb4.16&Prime; background_size=\u00a0\u00bbinitial\u00a0\u00bb background_position=\u00a0\u00bbtop_left\u00a0\u00bb background_repeat=\u00a0\u00bbrepeat\u00a0\u00bb width=\u00a0\u00bb100%\u00a0\u00bb custom_padding=\u00a0\u00bb0px||0px||false|false\u00a0\u00bb global_colors_info=\u00a0\u00bb{}\u00a0\u00bb][et_pb_column type=\u00a0\u00bb4_4&Prime; _builder_version=\u00a0\u00bb4.16&Prime; custom_padding=\u00a0\u00bb|||\u00a0\u00bb global_colors_info=\u00a0\u00bb{}\u00a0\u00bb custom_padding__hover=\u00a0\u00bb|||\u00a0\u00bb][et_pb_wc_breadcrumb _builder_version=\u00a0\u00bb4.16&Prime; global_colors_info=\u00a0\u00bb{}\u00a0\u00bb][\/et_pb_wc_breadcrumb][et_pb_wc_cart_notice _builder_version=\u00a0\u00bb4.16&Prime; global_colors_info=\u00a0\u00bb{}\u00a0\u00bb][\/et_pb_wc_cart_notice][\/et_pb_column][\/et_pb_row][et_pb_row column_structure=\u00a0\u00bb1_2,1_2&Prime; _builder_version=\u00a0\u00bb4.16&Prime; background_size=\u00a0\u00bbinitial\u00a0\u00bb background_position=\u00a0\u00bbtop_left\u00a0\u00bb background_repeat=\u00a0\u00bbrepeat\u00a0\u00bb width=\u00a0\u00bb100%\u00a0\u00bb custom_padding=\u00a0\u00bb0px||||false|false\u00a0\u00bb global_colors_info=\u00a0\u00bb{}\u00a0\u00bb][et_pb_column type=\u00a0\u00bb1_2&Prime; _builder_version=\u00a0\u00bb4.16&Prime; custom_padding=\u00a0\u00bb|||\u00a0\u00bb global_colors_info=\u00a0\u00bb{}\u00a0\u00bb custom_padding__hover=\u00a0\u00bb|||\u00a0\u00bb][et_pb_wc_images _builder_version=\u00a0\u00bb4.16&Prime; global_colors_info=\u00a0\u00bb{}\u00a0\u00bb][\/et_pb_wc_images][\/et_pb_column][et_pb_column type=\u00a0\u00bb1_2&Prime; _builder_version=\u00a0\u00bb4.16&Prime; custom_padding=\u00a0\u00bb|||\u00a0\u00bb global_colors_info=\u00a0\u00bb{}\u00a0\u00bb custom_padding__hover=\u00a0\u00bb|||\u00a0\u00bb][et_pb_wc_title _builder_version=\u00a0\u00bb4.16&Prime; global_colors_info=\u00a0\u00bb{}\u00a0\u00bb][\/et_pb_wc_title][et_pb_wc_price _builder_version=\u00a0\u00bb4.16&Prime; global_colors_info=\u00a0\u00bb{}\u00a0\u00bb][\/et_pb_wc_price][et_pb_wc_description _builder_version=\u00a0\u00bb4.16&Prime; global_colors_info=\u00a0\u00bb{}\u00a0\u00bb][\/et_pb_wc_description][et_pb_wc_add_to_cart _builder_version=\u00a0\u00bb4.16&Prime; global_colors_info=\u00a0\u00bb{}\u00a0\u00bb][\/et_pb_wc_add_to_cart][et_pb_wc_meta _builder_version=\u00a0\u00bb4.16&Prime; global_colors_info=\u00a0\u00bb{}\u00a0\u00bb][\/et_pb_wc_meta][\/et_pb_column][\/et_pb_row][et_pb_row _builder_version=\u00a0\u00bb4.16&Prime; background_size=\u00a0\u00bbinitial\u00a0\u00bb background_position=\u00a0\u00bbtop_left\u00a0\u00bb background_repeat=\u00a0\u00bbrepeat\u00a0\u00bb width=\u00a0\u00bb100%\u00a0\u00bb global_colors_info=\u00a0\u00bb{}\u00a0\u00bb][et_pb_column type=\u00a0\u00bb4_4&Prime; _builder_version=\u00a0\u00bb4.16&Prime; custom_padding=\u00a0\u00bb|||\u00a0\u00bb global_colors_info=\u00a0\u00bb{}\u00a0\u00bb custom_padding__hover=\u00a0\u00bb|||\u00a0\u00bb][et_pb_wc_tabs _builder_version=\u00a0\u00bb4.16&Prime; global_colors_info=\u00a0\u00bb{}\u00a0\u00bb]\t\t\t\t\t[\/et_pb_wc_tabs][et_pb_wc_upsells _builder_version=\u00a0\u00bb4.16&Prime; global_colors_info=\u00a0\u00bb{}\u00a0\u00bb][\/et_pb_wc_upsells][et_pb_wc_related_products _builder_version=\u00a0\u00bb4.16&Prime; global_colors_info=\u00a0\u00bb{}\u00a0\u00bb][\/et_pb_wc_related_products][\/et_pb_column][\/et_pb_row][\/et_pb_section]<\/p>\n","protected":false},"excerpt":{"rendered":"<p><a href=\"https:\/\/www.maximegasteuil.fr\/wp-content\/uploads\/2020\/09\/te\u0301le\u0301chargement-1.png\"><img loading=\"lazy\" class=\"alignnone wp-image-512\" src=\"https:\/\/www.maximegasteuil.fr\/wp-content\/uploads\/2020\/09\/te\u0301le\u0301chargement-1.png\" alt=\"\" width=\"20\" height=\"20\" srcset=\"https:\/\/www.maximegasteuil.fr\/wp-content\/uploads\/2020\/09\/te\u0301le\u0301chargement-1.png 222w, https:\/\/www.maximegasteuil.fr\/wp-content\/uploads\/2020\/09\/te\u0301le\u0301chargement-1-150x150.png 150w, https:\/\/www.maximegasteuil.fr\/wp-content\/uploads\/2020\/09\/te\u0301le\u0301chargement-1-100x100.png 100w\" sizes=\"(max-width: 20px) 100vw, 20px\" \/><\/a><\/p>\n<p>Bienvenue dans ce guide incomplet et in\u00e9dit de Paris qui sort de mon cerveau, lui-m\u00eame incomplet et in\u00e9dit !<br \/>\nCe livre, c\u2019est un peu mon histoire, de mon arriv\u00e9e dans cette ville magique jusqu\u2019\u00e0 aujourd\u2019hui. En gros, vous aurez dans les mains le double des cl\u00e9s de mes kifs, mais aussi une liste des pi\u00e8ges \u00e0 \u00e9viter, et bien sur pas mal de vannes ! N\u2019h\u00e9sitez pas \u00e0 en abuser, et qui sait, on se croisera peu \u00eatre autour d\u2019un verre dans l\u2019une des adresses qui se cachent \u00e0 l\u2019int\u00e9rieur\u2026<br \/>\nVous allez d\u00e9sormais entrer dans mon cerveau. Je vous pr\u00e9viens, y a du monde et beaucoup de courants d\u2019air !<\/p>\n<p>Allez ciaoooo<\/p>\n","protected":false},"featured_media":5152,"comment_status":"open","ping_status":"closed","template":"","meta":{"_et_pb_use_builder":"on","_et_pb_old_content":"Bienvenue dans ce guide incomplet et in\u00e9dit de Paris qui sort de mon cerveau, lui-m\u00eame incomplet et in\u00e9dit !\r\n\r\nCe livre, c\u2019est un peu mon histoire, de mon arriv\u00e9e dans cette ville magique jusqu\u2019\u00e0 aujourd\u2019hui. En gros, vous aurez dans les mains le double des cl\u00e9s de mes kifs, mais aussi une liste des pi\u00e8ges \u00e0 \u00e9viter, et bien sur pas mal de vannes !\r\n\r\nN\u2019h\u00e9sitez pas \u00e0 en abuser, et qui sait, on se croisera peu \u00eatre autour d\u2019un verre dans l\u2019une des adresses qui se cachent \u00e0 l\u2019int\u00e9rieur\u2026 Vous allez d\u00e9sormais entrer dans mon cerveau. Je vous pr\u00e9viens, y a du monde et beaucoup de courants d\u2019air !\r\n\r\nAllez ciaoooo","_et_gb_content_width":""},"_links":{"self":[{"href":"https:\/\/www.maximegasteuil.fr\/index.php?rest_route=\/wp\/v2\/product\/509"}],"collection":[{"href":"https:\/\/www.maximegasteuil.fr\/index.php?rest_route=\/wp\/v2\/product"}],"about":[{"href":"https:\/\/www.maximegasteuil.fr\/index.php?rest_route=\/wp\/v2\/types\/product"}],"replies":[{"embeddable":true,"href":"https:\/\/www.maximegasteuil.fr\/index.php?rest_route=%2Fwp%2Fv2%2Fcomments&post=509"}],"wp:featuredmedia":[{"embeddable":true,"href":"https:\/\/www.maximegasteuil.fr\/index.php?rest_route=\/wp\/v2\/media\/5152"}],"wp:attachment":[{"href":"https:\/\/www.maximegasteuil.fr\/index.php?rest_route=%2Fwp%2Fv2%2Fmedia&parent=509"}],"curies":[{"name":"wp","href":"https:\/\/api.w.org\/{rel}","templated":true}]}}